{"id":18758,"date":"2025-09-01T11:40:18","date_gmt":"2025-09-01T11:40:18","guid":{"rendered":"https:\/\/bibogem.com\/contatto\/"},"modified":"2026-02-27T10:42:58","modified_gmt":"2026-02-27T10:42:58","slug":"contatto","status":"publish","type":"page","link":"https:\/\/bibogem.com\/it\/contatto\/","title":{"rendered":"Contatto"},"content":{"rendered":"\t\t<div data-elementor-type=\"wp-page\" data-elementor-id=\"18758\" class=\"elementor elementor-18758 elementor-13619\" data-elementor-post-type=\"page\">\n\t\t\t\t<div class=\"elementor-element elementor-element-8499e5b e-flex e-con-boxed e-con e-parent\" data-id=\"8499e5b\" data-element_type=\"container\" data-settings=\"{&quot;background_background&quot;:&quot;classic&quot;}\">\n\t\t\t\t\t<div class=\"e-con-inner\">\n\t\t\t\t<div class=\"elementor-element elementor-element-045f92e elementor-widget elementor-widget-heading\" data-id=\"045f92e\" data-element_type=\"widget\" data-widget_type=\"heading.default\">\n\t\t\t\t\t<h1 class=\"elementor-heading-title elementor-size-default\">CONTATTACI<\/h1>\t\t\t\t<\/div>\n\t\t\t\t<div class=\"elementor-element elementor-element-0a56bf5 elementor-widget elementor-widget-text-editor\" data-id=\"0a56bf5\" data-element_type=\"widget\" data-widget_type=\"text-editor.default\">\n\t\t\t\t\t\t\t\t\t<p>Puoi contattarci in qualsiasi momento\u00a0a <a class=\"cx_colorTextBrand--sp4ze cx_cursorPointer--jO8MD\" href=\"mailto:info@bibogem.com\" rel=\"noopener nofollow noreferrer ugc\">info@bibogem.com<\/a>. Siamo a tua disposizione per ordini, domande sui prodotti e qualsiasi feedback tu voglia condividere.<\/p><p>Il nostro team di assistenza clienti \u00e8 disponibile via e-mail dal luned\u00ec al venerd\u00ec, dalle 9:00 alle 17:00 (escluse le festivit\u00e0). Ci impegniamo a risponderti entro 2 giorni.<\/p><p>* indica un campo obbligatorio<\/p>\t\t\t\t\t\t\t\t<\/div>\n\t\t\t\t<div class=\"elementor-element elementor-element-6bdd021 elementor-mobile-button-align-stretch elementor-widget-tablet__width-initial elementor-widget-mobile__width-inherit nvd-contact-form elementor-button-align-stretch elementor-widget elementor-widget-form\" data-id=\"6bdd021\" data-element_type=\"widget\" data-settings=\"{&quot;step_next_label&quot;:&quot;Avanti&quot;,&quot;step_previous_label&quot;:&quot;Precedente&quot;,&quot;button_width&quot;:&quot;100&quot;,&quot;step_type&quot;:&quot;number_text&quot;,&quot;step_icon_shape&quot;:&quot;circle&quot;}\" data-widget_type=\"form.default\">\n\t\t\t\t\t\t\t<form class=\"elementor-form\" method=\"post\" name=\"Modulo di Contatto\" aria-label=\"Modulo di Contatto\">\n\t\t\t<input type=\"hidden\" name=\"post_id\" value=\"18758\"\/>\n\t\t\t<input type=\"hidden\" name=\"form_id\" value=\"6bdd021\"\/>\n\t\t\t<input type=\"hidden\" name=\"referer_title\" value=\"Contatto\" \/>\n\n\t\t\t\t\t\t\t<input type=\"hidden\" name=\"queried_id\" value=\"18758\"\/>\n\t\t\t\n\t\t\t<div class=\"elementor-form-fields-wrapper elementor-labels-\">\n\t\t\t\t\t\t\t\t<div class=\"elementor-field-type-text elementor-field-group elementor-column elementor-field-group-name elementor-col-50 elementor-field-required\">\n\t\t\t\t\t\t\t\t\t\t\t\t<label for=\"form-field-name\" class=\"elementor-field-label elementor-screen-only\">\n\t\t\t\t\t\t\t\tNome\t\t\t\t\t\t\t<\/label>\n\t\t\t\t\t\t\t\t\t\t\t\t\t\t<input size=\"1\" type=\"text\" name=\"form_fields[name]\" id=\"form-field-name\" class=\"elementor-field elementor-size-sm  elementor-field-textual\" placeholder=\"NOME*\" required=\"required\">\n\t\t\t\t\t\t\t\t\t\t\t<\/div>\n\t\t\t\t\t\t\t\t<div class=\"elementor-field-type-text elementor-field-group elementor-column elementor-field-group-field_d2f02b1 elementor-col-50 elementor-field-required\">\n\t\t\t\t\t\t\t\t\t\t\t\t<label for=\"form-field-field_d2f02b1\" class=\"elementor-field-label elementor-screen-only\">\n\t\t\t\t\t\t\t\tCognome*\t\t\t\t\t\t\t<\/label>\n\t\t\t\t\t\t\t\t\t\t\t\t\t\t<input size=\"1\" type=\"text\" name=\"form_fields[field_d2f02b1]\" id=\"form-field-field_d2f02b1\" class=\"elementor-field elementor-size-sm  elementor-field-textual\" placeholder=\"COGNOME*\" required=\"required\">\n\t\t\t\t\t\t\t\t\t\t\t<\/div>\n\t\t\t\t\t\t\t\t<div class=\"elementor-field-type-email elementor-field-group elementor-column elementor-field-group-email elementor-col-100 elementor-field-required\">\n\t\t\t\t\t\t\t\t\t\t\t\t<label for=\"form-field-email\" class=\"elementor-field-label elementor-screen-only\">\n\t\t\t\t\t\t\t\tEmail*\t\t\t\t\t\t\t<\/label>\n\t\t\t\t\t\t\t\t\t\t\t\t\t\t<input size=\"1\" type=\"email\" name=\"form_fields[email]\" id=\"form-field-email\" class=\"elementor-field elementor-size-sm  elementor-field-textual\" placeholder=\"EMAIL*\" required=\"required\">\n\t\t\t\t\t\t\t\t\t\t\t<\/div>\n\t\t\t\t\t\t\t\t<div class=\"elementor-field-type-text elementor-field-group elementor-column elementor-field-group-field_e8e5ed2 elementor-col-100 elementor-field-required\">\n\t\t\t\t\t\t\t\t\t\t\t\t<label for=\"form-field-field_e8e5ed2\" class=\"elementor-field-label elementor-screen-only\">\n\t\t\t\t\t\t\t\tMotivo del Contatto*\t\t\t\t\t\t\t<\/label>\n\t\t\t\t\t\t\t\t\t\t\t\t\t\t<input size=\"1\" type=\"text\" name=\"form_fields[field_e8e5ed2]\" id=\"form-field-field_e8e5ed2\" class=\"elementor-field elementor-size-sm  elementor-field-textual\" placeholder=\"MOTIVO DEL CONTATTO*\" required=\"required\">\n\t\t\t\t\t\t\t\t\t\t\t<\/div>\n\t\t\t\t\t\t\t\t<div class=\"elementor-field-type-textarea elementor-field-group elementor-column elementor-field-group-message elementor-col-100 elementor-field-required\">\n\t\t\t\t\t\t\t\t\t\t\t\t<label for=\"form-field-message\" class=\"elementor-field-label elementor-screen-only\">\n\t\t\t\t\t\t\t\tDettagli*\t\t\t\t\t\t\t<\/label>\n\t\t\t\t\t\t<textarea class=\"elementor-field-textual elementor-field  elementor-size-sm\" name=\"form_fields[message]\" id=\"form-field-message\" rows=\"10\" placeholder=\"DETTAGLI*\" required=\"required\"><\/textarea>\t\t\t\t<\/div>\n\t\t\t\t\t\t\t\t<div class=\"elementor-field-type-recaptcha_v3 elementor-field-group elementor-column elementor-field-group-field_62a2ec8 elementor-col-100 recaptcha_v3-bottomright\">\n\t\t\t\t\t<div class=\"elementor-field\" id=\"form-field-field_62a2ec8\"><div class=\"elementor-g-recaptcha\" data-sitekey=\"6Lcu-xMsAAAAADpgAF24mgZ4P8pEFBWxB1WxYLKZ\" data-type=\"v3\" data-action=\"Form\" data-badge=\"bottomright\" data-size=\"invisible\"><\/div><\/div>\t\t\t\t<\/div>\n\t\t\t\t\t\t\t\t<div class=\"elementor-field-group elementor-column elementor-field-type-submit elementor-col-100 e-form__buttons\">\n\t\t\t\t\t<button class=\"elementor-button elementor-size-sm\" type=\"submit\">\n\t\t\t\t\t\t<span class=\"elementor-button-content-wrapper\">\n\t\t\t\t\t\t\t\t\t\t\t\t\t\t\t\t\t\t\t\t\t\t<span class=\"elementor-button-text\">INVIA<\/span>\n\t\t\t\t\t\t\t\t\t\t\t\t\t<\/span>\n\t\t\t\t\t<\/button>\n\t\t\t\t<\/div>\n\t\t\t<\/div>\n\t\t<\/form>\n\t\t\t\t\t\t<\/div>\n\t\t\t\t\t<\/div>\n\t\t\t\t<\/div>\n\t\t\t\t<\/div>\n\t\t","protected":false},"excerpt":{"rendered":"<p>CONTATTACI Puoi contattarci in qualsiasi momento\u00a0a info@bibogem.com. Siamo a tua disposizione per ordini, domande sui prodotti e qualsiasi feedback tu voglia condividere. Il nostro team di assistenza clienti \u00e8 disponibile via e-mail dal luned\u00ec al venerd\u00ec, dalle 9:00 alle 17:00 (escluse le festivit\u00e0). Ci impegniamo a risponderti entro 2 giorni. * indica un campo obbligatorio<\/p>\n","protected":false},"author":2,"featured_media":0,"parent":0,"menu_order":0,"comment_status":"closed","ping_status":"closed","template":"","meta":{"_acf_changed":false,"footnotes":""},"class_list":["post-18758","page","type-page","status-publish","hentry"],"acf":[],"_links":{"self":[{"href":"https:\/\/bibogem.com\/it\/wp-json\/wp\/v2\/pages\/18758","targetHints":{"allow":["GET"]}}],"collection":[{"href":"https:\/\/bibogem.com\/it\/wp-json\/wp\/v2\/pages"}],"about":[{"href":"https:\/\/bibogem.com\/it\/wp-json\/wp\/v2\/types\/page"}],"author":[{"embeddable":true,"href":"https:\/\/bibogem.com\/it\/wp-json\/wp\/v2\/users\/2"}],"replies":[{"embeddable":true,"href":"https:\/\/bibogem.com\/it\/wp-json\/wp\/v2\/comments?post=18758"}],"version-history":[{"count":28,"href":"https:\/\/bibogem.com\/it\/wp-json\/wp\/v2\/pages\/18758\/revisions"}],"predecessor-version":[{"id":20167,"href":"https:\/\/bibogem.com\/it\/wp-json\/wp\/v2\/pages\/18758\/revisions\/20167"}],"wp:attachment":[{"href":"https:\/\/bibogem.com\/it\/wp-json\/wp\/v2\/media?parent=18758"}],"curies":[{"name":"wp","href":"https:\/\/api.w.org\/{rel}","templated":true}]}}