{"id":19791,"date":"2025-11-27T08:16:07","date_gmt":"2025-11-27T08:16:07","guid":{"rendered":"https:\/\/bibogem.com\/?post_type=product&#038;p=19791"},"modified":"2026-01-15T15:56:30","modified_gmt":"2026-01-15T15:56:30","slug":"milk-oolong-it","status":"publish","type":"product","link":"https:\/\/bibogem.com\/it\/prodotto\/milk-oolong-it\/","title":{"rendered":"Milk Oolong"},"content":{"rendered":"<p data-start=\"177\" data-end=\"486\">Un tempo riservato ai rituali pi\u00f9 raffinati, il Milk Oolong \u00e8 apprezzato per il suo profilo naturalmente cremoso e la sua eleganza vellutata. Questo t\u00e8 delicatamente ossidato accompagna la pelle verso una sensazione di comfort e morbidezza, aiutando a sostenere un aspetto pi\u00f9 idratato, disteso e armonioso.<\/p>\n<p data-start=\"488\" data-end=\"609\">Una miscela morbida e avvolgente, pensata per farti sentire coccolata, equilibrata e delicatamente luminosa \u2014 dall\u2019interno.<\/p>\n","protected":false},"excerpt":{"rendered":"<p><em>Pelle Setosa e Confortevole<\/em><\/p>\n","protected":false},"featured_media":19794,"comment_status":"open","ping_status":"closed","template":"","meta":{"_acf_changed":false},"tea-type":[134],"product_brand":[],"product_cat":[126],"product_tag":[133],"class_list":{"0":"post-19791","1":"product","2":"type-product","3":"status-publish","4":"has-post-thumbnail","6":"tea-type-te-oolong","7":"product_cat-pelle-luminosa","8":"product_tag-nuovo","10":"first","11":"instock","12":"shipping-taxable","13":"purchasable","14":"product-type-simple"},"acf":[],"_links":{"self":[{"href":"https:\/\/bibogem.com\/it\/wp-json\/wp\/v2\/product\/19791","targetHints":{"allow":["GET"]}}],"collection":[{"href":"https:\/\/bibogem.com\/it\/wp-json\/wp\/v2\/product"}],"about":[{"href":"https:\/\/bibogem.com\/it\/wp-json\/wp\/v2\/types\/product"}],"replies":[{"embeddable":true,"href":"https:\/\/bibogem.com\/it\/wp-json\/wp\/v2\/comments?post=19791"}],"wp:featuredmedia":[{"embeddable":true,"href":"https:\/\/bibogem.com\/it\/wp-json\/wp\/v2\/media\/19794"}],"wp:attachment":[{"href":"https:\/\/bibogem.com\/it\/wp-json\/wp\/v2\/media?parent=19791"}],"wp:term":[{"taxonomy":"tea-type","embeddable":true,"href":"https:\/\/bibogem.com\/it\/wp-json\/wp\/v2\/tea-type?post=19791"},{"taxonomy":"product_brand","embeddable":true,"href":"https:\/\/bibogem.com\/it\/wp-json\/wp\/v2\/product_brand?post=19791"},{"taxonomy":"product_cat","embeddable":true,"href":"https:\/\/bibogem.com\/it\/wp-json\/wp\/v2\/product_cat?post=19791"},{"taxonomy":"product_tag","embeddable":true,"href":"https:\/\/bibogem.com\/it\/wp-json\/wp\/v2\/product_tag?post=19791"}],"curies":[{"name":"wp","href":"https:\/\/api.w.org\/{rel}","templated":true}]}}