{"id":19937,"date":"2026-01-10T21:10:44","date_gmt":"2026-01-10T21:10:44","guid":{"rendered":"https:\/\/bibogem.com\/?post_type=product&#038;p=19937"},"modified":"2026-01-15T18:17:10","modified_gmt":"2026-01-15T18:17:10","slug":"15-day-skin-reset-it","status":"publish","type":"product","link":"https:\/\/bibogem.com\/it\/prodotto\/15-day-skin-reset-it\/","title":{"rendered":"15-Day Skin Reset Bundle"},"content":{"rendered":"<div class=\"flex flex-col text-sm pb-25\">\n<article class=\"text-token-text-primary w-full focus:outline-none [--shadow-height:45px] has-data-writing-block:pointer-events-none has-data-writing-block:-mt-(--shadow-height) has-data-writing-block:pt-(--shadow-height) [&amp;:has([data-writing-block])&gt;*]:pointer-events-auto scroll-mt-[calc(var(--header-height)+min(200px,max(70px,20svh)))]\" dir=\"auto\" tabindex=\"-1\" data-turn-id=\"request-WEB:3a003444-d1a1-4527-b92d-91fd47e274d4-4\" data-testid=\"conversation-turn-10\" data-scroll-anchor=\"true\" data-turn=\"assistant\">\n<div class=\"text-base my-auto mx-auto pb-10 [--thread-content-margin:--spacing(4)] @w-sm\/main:[--thread-content-margin:--spacing(6)] @w-lg\/main:[--thread-content-margin:--spacing(16)] px-(--thread-content-margin)\">\n<div class=\"[--thread-content-max-width:40rem] @w-lg\/main:[--thread-content-max-width:48rem] mx-auto max-w-(--thread-content-max-width) flex-1 group\/turn-messages focus-visible:outline-hidden relative flex w-full min-w-0 flex-col agent-turn\" tabindex=\"-1\">\n<div class=\"flex max-w-full flex-col grow\">\n<div class=\"min-h-8 text-message relative flex w-full flex-col items-end gap-2 text-start break-words whitespace-normal [.text-message+&amp;]:mt-1\" dir=\"auto\" data-message-author-role=\"assistant\" data-message-id=\"cc942801-f73f-4978-8b0f-40e221de807c\" data-message-model-slug=\"gpt-5-2\">\n<div class=\"flex w-full flex-col gap-1 empty:hidden first:pt-[1px]\">\n<div class=\"markdown prose dark:prose-invert w-full break-words light markdown-new-styling\">\n<p data-start=\"80\" data-end=\"398\">Un tempo protagonisti di antiche tradizioni del t\u00e8, Milk Oolong e Berry Whisper si incontrano per sostenere equilibrio, luminosit\u00e0 e un incarnato visibilmente pi\u00f9 uniforme. Potenziata e ricca di antiossidanti, questa combinazione complementare aiuta a nutrire la pelle in profondit\u00e0 dall\u2019interno, favorendo calma, idratazione e glow naturale.<\/p>\n<p data-start=\"80\" data-end=\"398\">Un rituale che ottimizza i risultati dal giorno alla notte, pensato per aiutare la pelle a sentirsi pi\u00f9 liscia, luminosa e silenziosamente rinnovata \u2014 dall\u2019interno.<\/p>\n<\/div>\n<\/div>\n<\/div>\n<\/div>\n<div class=\"mt-3 w-full empty:hidden\"><\/div>\n<\/div>\n<\/div>\n<\/article>\n<\/div>\n","protected":false},"excerpt":{"rendered":"<p><em>Tea Crystals<\/em><\/p>\n","protected":false},"featured_media":19952,"comment_status":"open","ping_status":"closed","template":"","meta":{"_acf_changed":false},"tea-type":[],"product_brand":[],"product_cat":[126],"product_tag":[133],"class_list":{"0":"post-19937","1":"product","2":"type-product","3":"status-publish","4":"has-post-thumbnail","6":"product_cat-pelle-luminosa","7":"product_tag-nuovo","9":"first","10":"instock","11":"shipping-taxable","12":"purchasable","13":"product-type-simple"},"acf":[],"_links":{"self":[{"href":"https:\/\/bibogem.com\/it\/wp-json\/wp\/v2\/product\/19937","targetHints":{"allow":["GET"]}}],"collection":[{"href":"https:\/\/bibogem.com\/it\/wp-json\/wp\/v2\/product"}],"about":[{"href":"https:\/\/bibogem.com\/it\/wp-json\/wp\/v2\/types\/product"}],"replies":[{"embeddable":true,"href":"https:\/\/bibogem.com\/it\/wp-json\/wp\/v2\/comments?post=19937"}],"wp:featuredmedia":[{"embeddable":true,"href":"https:\/\/bibogem.com\/it\/wp-json\/wp\/v2\/media\/19952"}],"wp:attachment":[{"href":"https:\/\/bibogem.com\/it\/wp-json\/wp\/v2\/media?parent=19937"}],"wp:term":[{"taxonomy":"tea-type","embeddable":true,"href":"https:\/\/bibogem.com\/it\/wp-json\/wp\/v2\/tea-type?post=19937"},{"taxonomy":"product_brand","embeddable":true,"href":"https:\/\/bibogem.com\/it\/wp-json\/wp\/v2\/product_brand?post=19937"},{"taxonomy":"product_cat","embeddable":true,"href":"https:\/\/bibogem.com\/it\/wp-json\/wp\/v2\/product_cat?post=19937"},{"taxonomy":"product_tag","embeddable":true,"href":"https:\/\/bibogem.com\/it\/wp-json\/wp\/v2\/product_tag?post=19937"}],"curies":[{"name":"wp","href":"https:\/\/api.w.org\/{rel}","templated":true}]}}